{"id":42,"date":"2023-06-18T15:57:15","date_gmt":"2023-06-18T15:57:15","guid":{"rendered":"https:\/\/goutez.eu\/?page_id=42"},"modified":"2023-10-09T16:32:00","modified_gmt":"2023-10-09T16:32:00","slug":"info","status":"publish","type":"page","link":"https:\/\/goutez.eu\/en\/info\/","title":{"rendered":"About"},"content":{"rendered":"","protected":false},"excerpt":{"rendered":"","protected":false},"author":2,"featured_media":0,"parent":0,"menu_order":3,"comment_status":"closed","ping_status":"closed","template":"","meta":{"_acf_changed":false},"class_list":["post-42","page","type-page","status-publish","hentry"],"acf":[],"grid":"{\r\n  \"colCount\": 4,\r\n  \"colGutter\": 10,\r\n  \"rowGutters\": [\r\n    40,\r\n    10,\r\n    10\r\n  ],\r\n  \"frameMargin\": 5,\r\n  \"leftFrameMargin\": 10,\r\n  \"rightFrameMargin\": 20,\r\n  \"topFrameMargin\": 75,\r\n  \"mus\": {\r\n    \"colGutterMu\": \"px\",\r\n    \"rowGutterMu\": \"px\",\r\n    \"topFrameMu\": \"px\",\r\n    \"bottomFrameMu\": \"px\",\r\n    \"frameMu\": \"px\"\r\n  },\r\n  \"bottomFrameMargin\": 60,\r\n  \"rowAttrs\": [\r\n    {\r\n      \"relid\": 1\r\n    },\r\n    {\r\n      \"relid\": 3\r\n    },\r\n    {\r\n      \"relid\": 6\r\n    },\r\n    {\r\n      \"relid\": 7\r\n    }\r\n  ],\r\n  \"bgColor\": null,\r\n  \"bgImage\": null,\r\n  \"cont\": [\r\n    {\r\n      \"type\": \"text\",\r\n      \"cont\": \"<p class=\\\"_Big\\\"><b>Goutez ist die Idee der in D\u00fcsseldorf und K\u00f6ln lebenden Br\u00fcder Cornelius und Florentin Ewest.<span class=\\\"Apple-converted-space\\\">\u00a0<\/span><\/b><b>F\u00fcr das Projekt, das ein soziales, gemeinschaftsorientiertes Konzept verfolgt, werden Deadstock-Stoffe aus Naturmaterialien h\u00f6chster Qualit\u00e4t verwendet, die aus Italien, \u00d6sterreich und Deutschland bezogen werden. Stoffe, die aufgrund ihrer begrenzten Verf\u00fcgbarkeit in ihrer Individualit\u00e4t selten sind.<\/b><\/p>\",\r\n      \"align\": \"top\",\r\n      \"row\": 0,\r\n      \"col\": 0,\r\n      \"colspan\": 4,\r\n      \"offsetx\": 0,\r\n      \"offsety\": 0,\r\n      \"spaceabove\": 0,\r\n      \"spacebelow\": 0,\r\n      \"yvel\": 1,\r\n      \"push\": 0,\r\n      \"relid\": 2,\r\n      \"absolute_position\": false,\r\n      \"frameOverflow\": \"\",\r\n      \"html_id\": \"abouttext\"\r\n    },\r\n    {\r\n      \"type\": \"text\",\r\n      \"cont\": \"<p>Philosophie<\/p>\",\r\n      \"align\": \"top\",\r\n      \"row\": 1,\r\n      \"col\": 0,\r\n      \"colspan\": 1,\r\n      \"offsetx\": 0,\r\n      \"offsety\": 0,\r\n      \"spaceabove\": 0,\r\n      \"spacebelow\": 0,\r\n      \"yvel\": 1,\r\n      \"push\": 0,\r\n      \"relid\": 4,\r\n      \"absolute_position\": false,\r\n      \"stickytop\": \"40\",\r\n      \"classes\": \"aboutheadline\"\r\n    },\r\n    {\r\n      \"type\": \"elementgrid\",\r\n      \"cont\": \"\",\r\n      \"align\": \"top\",\r\n      \"row\": 1,\r\n      \"col\": 1,\r\n      \"colspan\": 3,\r\n      \"offsetx\": 0,\r\n      \"offsety\": 0,\r\n      \"spaceabove\": 0,\r\n      \"spacebelow\": 0,\r\n      \"yvel\": 1,\r\n      \"push\": 0,\r\n      \"relid\": 16,\r\n      \"config\": {\r\n        \"desktop\": {\r\n          \"colCount\": 2,\r\n          \"colGutter\": 10,\r\n          \"rowGutter\": 10,\r\n          \"colGutterMu\": \"px\",\r\n          \"rowGutterMu\": \"px\"\r\n        },\r\n        \"tablet\": {\r\n          \"colCount\": 2,\r\n          \"colGutter\": 1,\r\n          \"rowGutter\": 1,\r\n          \"colGutterMu\": \"%\",\r\n          \"rowGutterMu\": \"%\"\r\n        },\r\n        \"phone\": {\r\n          \"colCount\": 1,\r\n          \"colGutter\": 1,\r\n          \"rowGutter\": 1,\r\n          \"colGutterMu\": \"%\",\r\n          \"rowGutterMu\": \"%\"\r\n        },\r\n        \"layoutType\": \"top-aligned\",\r\n        \"elements\": [\r\n          {\r\n            \"cont\": \"<p>DIE BASIS BILDEN EIN KURZARM- UND EIN LANGARMHEMD SOWIE EIN HOSENMODELL; DIESE WERDEN AUS VERSCHIEDENEN, NAT\u00dcRLICHEN STOFFEN IN ITALIEN UND DEUTSCHLAND ANGEFERTIGT.<i> <\/i>JEDES EINZELNE MUSTER IST EXKLUSIV AUF F\u00dcNFZEHN EXEMPLARE LIMITIERT, VON HAND NUMMERIERT UND KANN NICHT REPRODUZIERT WERDEN. EINE BESONDERHEIT, DIE NUR DURCH DIE SORGF\u00c4LTIGE AUSWAHL VON DEADSTOCK-MATERIALIEN ERZIELT WERDEN KANN.<\/p><p>GOUTEZ VERZICHTET AUF SAISONALE KOLLEKTIONEN, UM \u00dcBERPRODUKTIONEN ZU VERMEIDEN UND ACHTET AUSDR\u00dcCKLICH DARAUF, DIE EIGENE CO2-BILANZ DURCH EINE LOKALE EUROP\u00c4ISCHE PRODUKTION SOWIE DIE<i> <\/i>VERWENDUNG<i> <\/i>VON DEADSTOCK FABRIC SO GERING WIE M\u00d6GLICH ZU HALTEN. <span class=\\\"Apple-converted-space\\\">\u00a0<\/span><\/p><p>DIE GR\u00d6SSEN HALTEN SICH NICHT AN TRADITIONELLE MA\u00dfTABELLEN. SIE LADEN DAZU EIN, \u00dcBER DAS BIN\u00c4RE HINAUSZUBLICKEN UND WERDEN VON IHREN TR\u00c4GER:INNEN AUF INDIVIDUELLE ART VERK\u00d6RPERT.<\/p>\",\r\n            \"type\": \"text\"\r\n          }\r\n        ],\r\n        \"addtostart\": false\r\n      },\r\n      \"absolute_position\": false\r\n    },\r\n    {\r\n      \"type\": \"elementgrid\",\r\n      \"cont\": \"\",\r\n      \"align\": \"top\",\r\n      \"row\": 2,\r\n      \"col\": 1,\r\n      \"colspan\": 3,\r\n      \"offsetx\": 0,\r\n      \"offsety\": 0,\r\n      \"spaceabove\": 0,\r\n      \"spacebelow\": 0,\r\n      \"yvel\": 1,\r\n      \"push\": 1,\r\n      \"relid\": 5,\r\n      \"config\": {\r\n        \"desktop\": {\r\n          \"colCount\": 2,\r\n          \"colGutter\": 10,\r\n          \"rowGutter\": 10,\r\n          \"colGutterMu\": \"px\",\r\n          \"rowGutterMu\": \"px\"\r\n        },\r\n        \"tablet\": {\r\n          \"colCount\": 2,\r\n          \"colGutter\": 1,\r\n          \"rowGutter\": 1,\r\n          \"colGutterMu\": \"%\",\r\n          \"rowGutterMu\": \"%\"\r\n        },\r\n        \"phone\": {\r\n          \"colCount\": 2,\r\n          \"colGutter\": 5,\r\n          \"rowGutter\": 5,\r\n          \"colGutterMu\": \"px\",\r\n          \"rowGutterMu\": \"px\"\r\n        },\r\n        \"layoutType\": \"top-aligned\",\r\n        \"elements\": [\r\n          {\r\n            \"type\": \"img\",\r\n            \"attid\": 858,\r\n            \"cont\": \"\/wp-content\/uploads\/2023\/09\/Phillo.jpg\",\r\n            \"sizes\": {\r\n              \"full\": \"\/wp-content\/uploads\/2023\/09\/Phillo.jpg\",\r\n              \"_4096\": \"\/wp-content\/uploads\/2023\/09\/Phillo-4096x3195.jpg\",\r\n              \"_3840\": \"\/wp-content\/uploads\/2023\/09\/Phillo-3840x2995.jpg\",\r\n              \"_3200\": \"\/wp-content\/uploads\/2023\/09\/Phillo-3200x2496.jpg\",\r\n              \"_2560\": \"\/wp-content\/uploads\/2023\/09\/Phillo-2560x1997.jpg\",\r\n              \"_1920\": \"\/wp-content\/uploads\/2023\/09\/Phillo-1920x1498.jpg\",\r\n              \"_1280\": \"\/wp-content\/uploads\/2023\/09\/Phillo-1280x998.jpg\",\r\n              \"_1024\": \"\/wp-content\/uploads\/2023\/09\/Phillo-1024x799.jpg\",\r\n              \"_768\": \"\/wp-content\/uploads\/2023\/09\/Phillo-768x599.jpg\",\r\n              \"_512\": \"\/wp-content\/uploads\/2023\/09\/Phillo-512x399.jpg\",\r\n              \"_265\": \"\/wp-content\/uploads\/2023\/09\/Phillo-265x207.jpg\"\r\n            },\r\n            \"w\": 6000,\r\n            \"h\": 4680,\r\n            \"ar\": 0.78,\r\n            \"alt\": \"\"\r\n          },\r\n          {\r\n            \"type\": \"img\",\r\n            \"attid\": 857,\r\n            \"cont\": \"\/wp-content\/uploads\/2023\/09\/Phillo2.jpg\",\r\n            \"sizes\": {\r\n              \"full\": \"\/wp-content\/uploads\/2023\/09\/Phillo2.jpg\",\r\n              \"_4096\": \"\/wp-content\/uploads\/2023\/09\/Phillo2-4096x3195.jpg\",\r\n              \"_3840\": \"\/wp-content\/uploads\/2023\/09\/Phillo2-3840x2995.jpg\",\r\n              \"_3200\": \"\/wp-content\/uploads\/2023\/09\/Phillo2-3200x2496.jpg\",\r\n              \"_2560\": \"\/wp-content\/uploads\/2023\/09\/Phillo2-2560x1997.jpg\",\r\n              \"_1920\": \"\/wp-content\/uploads\/2023\/09\/Phillo2-1920x1498.jpg\",\r\n              \"_1280\": \"\/wp-content\/uploads\/2023\/09\/Phillo2-1280x998.jpg\",\r\n              \"_1024\": \"\/wp-content\/uploads\/2023\/09\/Phillo2-1024x799.jpg\",\r\n              \"_768\": \"\/wp-content\/uploads\/2023\/09\/Phillo2-768x599.jpg\",\r\n              \"_512\": \"\/wp-content\/uploads\/2023\/09\/Phillo2-512x399.jpg\",\r\n              \"_265\": \"\/wp-content\/uploads\/2023\/09\/Phillo2-265x207.jpg\"\r\n            },\r\n            \"w\": 6000,\r\n            \"h\": 4680,\r\n            \"ar\": 0.78,\r\n            \"alt\": \"\"\r\n          }\r\n        ],\r\n        \"addtostart\": false\r\n      },\r\n      \"absolute_position\": false\r\n    },\r\n    {\r\n      \"type\": \"elementgrid\",\r\n      \"cont\": \"\",\r\n      \"align\": \"top\",\r\n      \"row\": 3,\r\n      \"col\": 1,\r\n      \"colspan\": 3,\r\n      \"offsetx\": 0,\r\n      \"offsety\": 0,\r\n      \"spaceabove\": 0,\r\n      \"spacebelow\": 0,\r\n      \"yvel\": 1,\r\n      \"push\": 1,\r\n      \"relid\": 8,\r\n      \"config\": {\r\n        \"desktop\": {\r\n          \"colCount\": 2,\r\n          \"colGutter\": 10,\r\n          \"rowGutter\": 10,\r\n          \"colGutterMu\": \"px\",\r\n          \"rowGutterMu\": \"px\"\r\n        },\r\n        \"tablet\": {\r\n          \"colCount\": 2,\r\n          \"colGutter\": 1,\r\n          \"rowGutter\": 1,\r\n          \"colGutterMu\": \"%\",\r\n          \"rowGutterMu\": \"%\"\r\n        },\r\n        \"phone\": {\r\n          \"colCount\": 1,\r\n          \"colGutter\": 1,\r\n          \"rowGutter\": 1,\r\n          \"colGutterMu\": \"%\",\r\n          \"rowGutterMu\": \"%\"\r\n        },\r\n        \"layoutType\": \"top-aligned\",\r\n        \"elements\": [\r\n          {\r\n            \"cont\": \"<p>ALS DEADSTOCK WERDEN MATERIALIEN BEZEICHNET, DIE AUFGRUND VON ZU GRO\u00dfER MENGENFERTIGUNG IN DER MODEINDUSTRIE NICHT IN DIE HERSTELLUNG VON KLEIDUNG GELANGEN, SONDERN ALS \u00dcBERPRODUKTION ABGESCHRIEBEN WERDEN. DURCH DIE WIEDERVERWENDUNG VON DEADSTOCK-MATERIAL ENTF\u00c4LLT DIE NOTWENDIGKEIT NEUE STOFFE HERZUSTELLEN. WIR BEZIEHEN UNSERE DEADSTOCK-STOFFE AUS<i> <\/i>ITALIEN, \u00d6STERREICH UND DEUTSCHLAND.<\/p><p>\u00a0<\/p><p>GOUTEZ M\u00d6CHTE NEUE WEGE GEHEN UND EINEN AKTIVEN GESELLSCHAFTLICHEN BEITRAG<i> <\/i>LEISTEN; WESHALB EIN DRITTEL DES GEWINNS AN SOZIALE PROJEKTE INNERHALB UND AUSSERHALB DER LOKALEN GEMEINSCHAFT GESPENDET WERDEN, WOBEI DIE AUSGEW\u00c4HLTEN PROJEKTE IN REGELM\u00c4SSIGEN ABST\u00c4NDEN VORGESTELLT WERDEN. DIE GESPENDETEN BETR\u00c4GE WERDEN AM ENDE EINES JEDEN GESCH\u00c4FTSJAHRES TRANSPARENT VER\u00d6FFENTLICHT.<\/p><p>\u00a0<\/p><p>\u00a0<\/p><p>\u00a0<\/p><p>\u00a0<\/p><p>\u00a0<\/p>\",\r\n            \"type\": \"text\"\r\n          }\r\n        ],\r\n        \"addtostart\": false\r\n      },\r\n      \"absolute_position\": false\r\n    }\r\n  ]\r\n}","phonegrid":"","_links":{"self":[{"href":"https:\/\/goutez.eu\/en\/wp-json\/wp\/v2\/pages\/42","targetHints":{"allow":["GET"]}}],"collection":[{"href":"https:\/\/goutez.eu\/en\/wp-json\/wp\/v2\/pages"}],"about":[{"href":"https:\/\/goutez.eu\/en\/wp-json\/wp\/v2\/types\/page"}],"author":[{"embeddable":true,"href":"https:\/\/goutez.eu\/en\/wp-json\/wp\/v2\/users\/2"}],"replies":[{"embeddable":true,"href":"https:\/\/goutez.eu\/en\/wp-json\/wp\/v2\/comments?post=42"}],"version-history":[{"count":0,"href":"https:\/\/goutez.eu\/en\/wp-json\/wp\/v2\/pages\/42\/revisions"}],"wp:attachment":[{"href":"https:\/\/goutez.eu\/en\/wp-json\/wp\/v2\/media?parent=42"}],"curies":[{"name":"wp","href":"https:\/\/api.w.org\/{rel}","templated":true}]}}