{"id":583,"date":"2023-09-23T11:17:53","date_gmt":"2023-09-23T11:17:53","guid":{"rendered":"https:\/\/goutez.eu\/?page_id=583"},"modified":"2023-10-09T16:46:09","modified_gmt":"2023-10-09T16:46:09","slug":"agb","status":"publish","type":"page","link":"https:\/\/goutez.eu\/en\/agb\/","title":{"rendered":"terms and conditions"},"content":{"rendered":"","protected":false},"excerpt":{"rendered":"","protected":false},"author":1,"featured_media":0,"parent":0,"menu_order":1,"comment_status":"closed","ping_status":"closed","template":"","meta":{"_acf_changed":false},"class_list":["post-583","page","type-page","status-publish","hentry"],"acf":[],"grid":"{\r\n  \"colCount\": 4,\r\n  \"colGutter\": 10,\r\n  \"rowGutters\": [],\r\n  \"frameMargin\": 5,\r\n  \"leftFrameMargin\": 10,\r\n  \"rightFrameMargin\": 10,\r\n  \"topFrameMargin\": 90,\r\n  \"mus\": {\r\n    \"colGutterMu\": \"px\",\r\n    \"rowGutterMu\": \"px\",\r\n    \"topFrameMu\": \"px\",\r\n    \"bottomFrameMu\": \"px\",\r\n    \"frameMu\": \"px\"\r\n  },\r\n  \"bottomFrameMargin\": 40,\r\n  \"rowAttrs\": [\r\n    {\r\n      \"relid\": 1\r\n    }\r\n  ],\r\n  \"bgColor\": null,\r\n  \"bgImage\": null,\r\n  \"cont\": [\r\n    {\r\n      \"type\": \"text\",\r\n      \"cont\": \"<p>Allgemeine Gesch\u00e4ftsbedingungen und Kund:INNENeninformationen<\/p>\",\r\n      \"align\": \"top\",\r\n      \"row\": 0,\r\n      \"col\": 0,\r\n      \"colspan\": 1,\r\n      \"offsetx\": 0,\r\n      \"offsety\": 0,\r\n      \"spaceabove\": 0,\r\n      \"spacebelow\": 0,\r\n      \"yvel\": 1,\r\n      \"push\": 0,\r\n      \"relid\": 3,\r\n      \"absolute_position\": false,\r\n      \"frameOverflow\": \"\",\r\n      \"stickytop\": \"40\"\r\n    },\r\n    {\r\n      \"type\": \"text\",\r\n      \"cont\": \"<p><strong>I. Allgemeine Gesch\u00e4ftsbedingungen<\/strong><\/p><p style=\\\"font-weight: 400;\\\">\u00a0<\/p><p>\u00a0<\/p><p><strong>\u00a7 1 Grundlegende Bestimmungen<\/strong><\/p><p style=\\\"font-weight: 400;\\\">\u00a0<\/p><p style=\\\"font-weight: 400;\\\">(1) Die nachstehenden Gesch\u00e4ftsbedingungen gelten f\u00fcr alle Vertr\u00e4ge, die Sie mit uns als Anbieter (GOUTEZ, Cornelius Ewest &amp; Florentin Ewest GbR) \u00fcber die Internetseite <a href=\\\"http:\/\/www.goutez.eu\/\\\">www.goutez.eu<\/a> schlie\u00dfen. Soweit nichts anderes vereinbart ist, wird der Einbeziehung ggf. von Ihnen verwendeter eigener Bedingungen widersprochen. Dies gilt auch dann, wenn wir der Einbeziehung nicht ausdr\u00fccklich widersprechen.<\/p><p style=\\\"font-weight: 400;\\\">\u00a0<\/p><p style=\\\"font-weight: 400;\\\">(2) \u201eVerbraucher:innen\u201c, im Sinne der nachstehenden Regelungen, ist jede nat\u00fcrliche Person, die ein Rechtsgesch\u00e4ft abschlie\u00dft, das \u00fcberwiegend weder ihrer gewerblichen ,noch ihrer selbst\u00e4ndigen beruflichen T\u00e4tigkeit zugerechnet werden kann. Als Unternehmer:IN, Gilt jede nat\u00fcrliche Person, juristische Person oder rechtsf\u00e4hige Personengesellschaft, die ein Rechtsgesch\u00e4ft in Aus\u00fcbung ihrer selbst\u00e4ndigen beruflichen oder gewerblichen T\u00e4tigkeit abschlie\u00dft.<\/p><p style=\\\"font-weight: 400;\\\">\u00a0<\/p>\",\r\n      \"align\": \"top\",\r\n      \"row\": 0,\r\n      \"col\": 1,\r\n      \"colspan\": 1,\r\n      \"offsetx\": 0,\r\n      \"offsety\": 0,\r\n      \"spaceabove\": 0,\r\n      \"spacebelow\": 0,\r\n      \"yvel\": 1,\r\n      \"push\": 0,\r\n      \"relid\": 4,\r\n      \"absolute_position\": false,\r\n      \"stickytop\": \"40\"\r\n    },\r\n    {\r\n      \"type\": \"text\",\r\n      \"cont\": \"<p><strong>\u00a7 2 Vertragsschluss<\/strong><\/p><p style=\\\"font-weight: 400;\\\">\u00a0<\/p><p style=\\\"font-weight: 400;\\\">(1) Gegenstand des Vertrages ist der Verkauf von Produkten.<\/p><p style=\\\"font-weight: 400;\\\">\u00a0<\/p><p style=\\\"font-weight: 400;\\\">(2) Die Pr\u00e4sentation und Bewerbung von Artikeln in unserem Online-Shop stellt kein bindendes Angebot zum Abschluss eines Kaufvertrags dar.<\/p><p style=\\\"font-weight: 400;\\\">\u00a0<\/p><p style=\\\"font-weight: 400;\\\">(3) Der Kaufvertrag kommt \u00fcber das Online-Warenkorbsystem wie folgt zustande: Die zum Kauf beabsichtigten Produkte werden in den \u201eWarenkorb\u201c verschoben. Sie k\u00f6nnen den Warenkorb \u00fcber die entsprechenden Schaltfl\u00e4chen in der Navigationsleiste ausw\u00e4hlen und dort jederzeit \u00c4nderungen vornehmen.<\/p><p style=\\\"font-weight: 400;\\\">Nach Aufruf der Seite \u201eZur Kasse\u201c und Eingabe der erforderlichen pers\u00f6nlichen Daten sowie der Zahlungs- und Versandbedingungen werden Ihnen anschlie\u00dfend auf der Bestell\u00fcbersichtsseite noch einmal alle Bestellinformationen angezeigt.<\/p><p style=\\\"font-weight: 400;\\\">Wenn Sie zur Zahlungsausl\u00f6sung ein Sofortzahlsystem (z. B. PayPal \/ PayPal Express, Sofort \u00dcberweisung, Kreditkarte, Bankeinzug, Applepay, googlepay) genutzt haben, werden Sie entweder auf der Bestell\u00fcbersichtsseite zu unserem Online-Shop weitergeleitet oder auf die Webseite des Sofortzahlanbieters weitergeleitet.<\/p><p style=\\\"font-weight: 400;\\\">Wenn Sie zum Sofortzahlungssystem weitergeleitet werden, w\u00e4hlen Sie bitte Ihre Daten aus und geben Sie diese ein. Anschlie\u00dfend gelangen Sie zur\u00fcck zur Bestell\u00fcbersichtsseite inm goutez.eu Online-Shop.<\/p><p style=\\\"font-weight: 400;\\\">Vor Absenden der Bestellung haben Sie die M\u00f6glichkeit, s\u00e4mtliche Angaben noch einmal zu \u00fcberpr\u00fcfen, zu \u00e4ndern (dies ist auch \u00fcber die \u201eZur\u00fcck\u201c-Funktion des Internetbrowsers m\u00f6glich) oder den Kaufvorgang abzubrechen. Mit dem Absenden einer Bestellung \u00fcber den Online-Shop durch Anklicken des Buttons \u201ezahlungspflichtig bestellen\u201c geben Sie eine rechtsverbindliche Bestellung ab. Sie sind an die Bestellung f\u00fcr die Dauer von zwei (2) Wochen nach Abgabe der<\/p><p style=\\\"font-weight: 400;\\\">Bestellung gebunden; Ihr gegebenenfalls bestehendes Recht, Ihre Bestellung zu widerrufen, bleibt hiervon unber\u00fchrt.<\/p><p style=\\\"font-weight: 400;\\\">\u00a0<\/p><p style=\\\"font-weight: 400;\\\">(4) Ein Vertrag kommt erst zustande, wenn wir Ihre Bestellung durch eine Annahmeerkl\u00e4rung oder durch die Lieferung der bestellten Artikel annehmen.<\/p><p style=\\\"font-weight: 400;\\\">\u00a0<\/p><p style=\\\"font-weight: 400;\\\">(5) Sollte die Lieferung der von Ihnen bestellten Ware nicht m\u00f6glich sein, etwa weil die entsprechende Ware nicht auf Lager ist, sehen wir von einer Annahmeerkl\u00e4rung ab. In diesem Fall kommt ein Vertrag nicht zustande. Wir werden Sie dar\u00fcber unverz\u00fcglich informieren und bereits erhaltene Gegenleistungen unverz\u00fcglich zur\u00fcckerstatten.<\/p><p style=\\\"font-weight: 400;\\\">\u00a0<\/p><p style=\\\"font-weight: 400;\\\">(6) An uns gerichtete Anfragen zur Angebotserstellung verpflichten Sie nicht. Wir unterbreiten Ihnen ein schriftliches und verbindliches Angebot (z. B. per E-Mail), das Sie innerhalb einer Frist von 5 Tagen annehmen k\u00f6nnen.<\/p><p style=\\\"font-weight: 400;\\\">\u00a0<\/p><p style=\\\"font-weight: 400;\\\">(7) Die Abwicklung der Bestellung und die \u00dcbersendung aller f\u00fcr den Vertragsschluss erforderlichen Daten erfolgen per E-Mail teilautomatisiert. Sie m\u00fcssen daher sicherstellen, dass die von Ihnen bei uns hinterlegte E-Mail-Adresse korrekt ist und der Empfang der jeweiligen E-Mails gew\u00e4hrleistet ist. Insbesondere m\u00fcssen Sie sicherstellen, dass die entsprechenden E-Mails nicht durch einen SPAM-Filter blockiert werden.<\/p><p style=\\\"font-weight: 400;\\\">\u00a0<\/p><p style=\\\"font-weight: 400;\\\">\u00a0<\/p><p><strong>\u00a7 3 Widerrufsrecht<\/strong><\/p><p style=\\\"font-weight: 400;\\\">\u00a0<\/p><p style=\\\"font-weight: 400;\\\">(1) Wenn Sie Verbraucher:in sind (also eine nat\u00fcrliche Person, die die Bestellung zu einem Zweck abgibt, der weder Ihrer gewerblichen oder selbst\u00e4ndigen beruflichen T\u00e4tigkeit zugerechnet werden kann), steht Ihnen nach Ma\u00dfgabe der gesetzlichen Bestimmungen ein Widerrufsrecht zu.<\/p><p style=\\\"font-weight: 400;\\\">(2) Machen Sie als Verbraucher:in von Ihrem Widerrufsrecht nach Ziffer 1 Gebrauch, so haben Sie die Kosten der R\u00fccksendung zu tragen.<\/p><p style=\\\"font-weight: 400;\\\">(3) R\u00fccksendungen m\u00fcssen vor R\u00fccksendung per Mail unter <a href=\\\"mailto:mail@goutez.eu\\\">mail@goutez.eu<\/a> angemeldet werden. Sie erhalten dann ein R\u00fccksendeformular welches Sie dem Paket beilegen<\/p><p style=\\\"font-weight: 400;\\\"><span>\u00a0<\/span><\/p><p style=\\\"font-weight: 400;\\\">(4) Wenn Sie diesen Vertrag widerrufen, VERPFLICHTEN WIR UNS ALLE ERHALTENEN ZAHLUNGEN, EXKLUSIVE DER VERSANDKOSTEN, UNVERZ\u00dcGLICH ZUR\u00dcCKZUZAHLEN, SOBALD DIE WARE EINWANDFREI UND UNGETRAGEN<span>E<\/span> BEI UNS EINGEGANGEN IST. F\u00dcR DIE R\u00dcCKZAHLUNG WIRD DAS F\u00dcR DIE URSPR\u00dcNGLICHE TRANSAKTION VERWANDTE ZAHLUNGSMITTEL EINGESETZT.<\/p><p style=\\\"font-weight: 400;\\\">Sollte die Ware M\u00e4ngel aufweisen und\/ oder getragen sein, WIRD DIE R\u00dcCKNAHME ABGELEHNT UND ZU IHREN KOSTEN AN SIE ZUR\u00dcCKGESANDT.<\/p><p style=\\\"font-weight: 400;\\\">\u00a0<\/p><p>\u00a0<\/p><p><strong>\u00a7 4 Lieferbedingungen und Vorbehalt der Vorkasse Zahlung<\/strong><\/p><p style=\\\"font-weight: 400;\\\"><br \/>(1) Wir sind zu Teillieferungen berechtigt, soweit dies f\u00fcr Sie zumutbar ist.<\/p><p style=\\\"font-weight: 400;\\\"><br \/>(2) Die Lieferfrist betr\u00e4gt circa f\u00fcnf (5) Werktage, soweit nichts Anderes vereinbart wurde. Sie beginnt \u2013 vorbehaltlich der Regelung in Abs. 3 \u2013 mit Vertragsschluss.<\/p><p style=\\\"font-weight: 400;\\\"><br \/>(3) Bei Bestellungen von Kund:innen mit Wohn- oder Gesch\u00e4ftssitz im Ausland oder bei begr\u00fcndeten Anhaltspunkten f\u00fcr ein Zahlungsausfallsrisiko behalten wir uns vor, erst nach Erhalt des Kaufpreises nebst Versandkosten zu liefern (Vorkasse Vorbehalt). FALLS VON LETZTEREM GEBRAUCH GEMACHT WIRD<i>, <\/i>WERDEN SIE UNVERZ\u00dcGLICH UNTERRICHTET. <span style=\\\"letter-spacing: 0em; text-indent: 0em;\\\">In diesem Fall beginnt die Lieferfrist mit Bezahlung des Kaufpreises und der Versandkosten.<\/span><\/p><p style=\\\"font-weight: 400;\\\">\u00a0<\/p><p style=\\\"font-weight: 400;\\\">\u00a0<\/p><p><strong>\u00a7 5 Zur\u00fcckbehaltungsrecht, Eigentumsvorbehalt<\/strong><\/p><p style=\\\"font-weight: 400;\\\">\u00a0<\/p><p style=\\\"font-weight: 400;\\\">(1) Ein Zur\u00fcckbehaltungsrecht k\u00f6nnen Sie nur aus\u00fcben, soweit es sich um Anspr\u00fcche aus demselben Vertragsverh\u00e4ltnis handelt.<\/p><p style=\\\"font-weight: 400;\\\">\u00a0<\/p><p style=\\\"font-weight: 400;\\\">(2) Die Ware bleibt bis zur vollst\u00e4ndigen Bezahlung des Kaufpreises unser Eigentum.<\/p><p style=\\\"font-weight: 400;\\\">\u00a0<\/p><p style=\\\"font-weight: 400;\\\">\u00a0<\/p><p><strong>\u00a7 6 Gew\u00e4hrleistung<\/strong><\/p><p style=\\\"font-weight: 400;\\\">\u00a0<\/p><p style=\\\"font-weight: 400;\\\">(1) Es gelten die gesetzlichen Gew\u00e4hrleistungsrechte.<\/p><p style=\\\"font-weight: 400;\\\">\u00a0<\/p><p style=\\\"font-weight: 400;\\\">(2) Eine zus\u00e4tzliche Garantie besteht bei den vom Anbieter gelieferten Waren nur,<\/p><p style=\\\"font-weight: 400;\\\">wenn diese ausdr\u00fccklich in der Auftragsbest\u00e4tigung zu dem jeweiligen Artikel<\/p><p style=\\\"font-weight: 400;\\\">abgegeben wurde.<\/p><p style=\\\"font-weight: 400;\\\">\u00a0<\/p><p style=\\\"font-weight: 400;\\\">(2) Etwaige von uns gegebene VerkAUFSgarantien f\u00fcr bestimmte Artikel oder von<\/p><p style=\\\"font-weight: 400;\\\">den Hersteller:INNEN bestimmter Artikel einger\u00e4umte Herstellergarantien treten neben die<\/p><p style=\\\"font-weight: 400;\\\">Anspr\u00fcche wegen Sach- oder Rechtsm\u00e4ngeln im Sinne von Abs. 1. Einzelheiten des<\/p><p style=\\\"font-weight: 400;\\\">Umfangs solcher Garantien ergeben sich aus den Garantiebedingungen, die den<\/p><p style=\\\"font-weight: 400;\\\">Artikeln gegebenenfalls beiliegen.<\/p><p style=\\\"font-weight: 400;\\\">\u00a0<\/p><p style=\\\"font-weight: 400;\\\">(3) Als Verbraucher:Innen werden Sie gebeten, die Ware bei Lieferung unverz\u00fcglich auf Vollst\u00e4ndigkeit, erkennbare M\u00e4ngel und Transportsch\u00e4den zu \u00fcberpr\u00fcfen und uns und dem Versandunternehmen Beanstandungen unverz\u00fcglich schriftlich mitzuteilen. Auch wenn Sie dieser Aufforderung nicht nachkommen, hat dies keinerlei Auswirkungen auf Ihre gesetzlichen Gew\u00e4hrleistungsanspr\u00fcche.<\/p><p style=\\\"font-weight: 400;\\\">\u00a0<\/p><p style=\\\"font-weight: 400;\\\">\u00a0<\/p><p><strong>\u00a7 7 Haftung<\/strong><\/p><p style=\\\"font-weight: 400;\\\">\u00a0<\/p><p style=\\\"font-weight: 400;\\\">(1) Wir haften Ihnen gegen\u00fcber in allen F\u00e4llen vertraglicher und au\u00dfervertraglicher Haftung bei Vorsatz und grober Fahrl\u00e4ssigkeit nach Ma\u00dfgabe der gesetzlichen Bestimmungen.<\/p><p style=\\\"font-weight: 400;\\\"><br \/>(2) In sonstigen F\u00e4llen haften wir \u2013 soweit in Abs. 3 nicht abweichend geregelt \u2013 nur bei Verletzung einer Vertragspflicht, deren Erf\u00fcllung die ordnungsgem\u00e4\u00dfe Durchf\u00fchrung des Vertrags \u00fcberhaupt erst erm\u00f6glicht und auf deren Einhaltung Sie als Kunde:IN regelm\u00e4\u00dfig vertrauen d\u00fcrfen (so genannte Kardinalpflicht), und zwar beschr\u00e4nkt auf den Ersatz des vorhersehbaren und typischen Schadens. In allen \u00fcbrigen F\u00e4llen ist unsere Haftung vorbehaltlich der Regelung in Abs. 3 ausgeschlossen.<\/p><p style=\\\"font-weight: 400;\\\"><br \/>(3) Unsere Haftung f\u00fcr Sch\u00e4den aus der Verletzung des Lebens, des K\u00f6rpers oder der Gesundheit und nach dem Produkthaftungsgesetz bleibt von den vorstehenden Haftungsbeschr\u00e4nkungen und \u2013ausschl\u00fcssen unber\u00fchrt.<\/p><p style=\\\"font-weight: 400;\\\">\u00a0<\/p><p style=\\\"font-weight: 400;\\\">\u00a0<\/p><p><strong>\u00a7 8 Rechtswahl, Erf\u00fcllungsort, Gerichtsstand<\/strong><\/p><p style=\\\"font-weight: 400;\\\">\u00a0<\/p><p style=\\\"font-weight: 400;\\\">(1) Es gilt deutsches Recht. Diese Rechtswahl gilt gegen\u00fcber Kund:innen nur dann, wenn sie nicht zum Widerruf des durch zwingende Vorschriften des Rechts des Staates, IN DEM DER\/DIE JEWEILIGE KUNDE*IN SEINEN\/IHREN<\/p><p style=\\\"font-weight: 400;\\\">gew\u00f6hnlichen Aufenthaltsort hat, gew\u00e4hrleisteten Schutzes f\u00fchrt (Profit-im-Zweifel-Prinzip).<\/p><p style=\\\"font-weight: 400;\\\">\u00a0<\/p><p style=\\\"font-weight: 400;\\\">(2) Sofern Sie keine Verbraucher:innen, sondern Kauffrau\/ Kaufmann, juristische Personen des \u00f6ffentlichen Rechts oder \u00f6ffentlich-rechtliches Sonderverm\u00f6gen sind, ist unser Gesch\u00e4ftssitz Gerichtsstand und Erf\u00fcllungsort f\u00fcr alle nachfolgenden Leistungen aus den mit uns bestehenden Gesch\u00e4ftsbeziehungen. Das Gleiche gilt f\u00fcr F\u00e4lle, in denen Sie keinen allgemeinen Gerichtsstand in Deutschland oder der EU haben, sowie f\u00fcr F\u00e4lle, in denen Ihr Wohnsitz oder gew\u00f6hnlicher Aufenthaltsort zum Zeitpunkt der Klageerhebung nicht bekannt ist. Die M\u00f6glichkeit, das Gericht eines anderen Gerichtsstandes anzurufen, bleibt hiervon unber\u00fchrt.<\/p><p style=\\\"font-weight: 400;\\\">\u00a0<\/p><p style=\\\"font-weight: 400;\\\">(3) Die Bestimmungen des UN-\u00dcbereinkommens \u00fcber Vertr\u00e4ge \u00fcber den internationalen Warenkauf finden ausdr\u00fccklich keine Anwendung.<\/p><p style=\\\"font-weight: 400;\\\">\u00a0<\/p><p>\u00a0<\/p><p><strong>\u00a7 9 Urheberrechte<\/strong><\/p><p style=\\\"font-weight: 400;\\\">\u00a0<\/p><p style=\\\"font-weight: 400;\\\">Wir haben an allen Bildern, Filmen und Texten, die in unserem Online Shop<\/p><p style=\\\"font-weight: 400;\\\">ver\u00f6ffentlicht werden, Urheberrechte. Eine Verwendung der Bilder, Filme und Texte,<\/p><p style=\\\"font-weight: 400;\\\">ist ohne unsere ausdr\u00fcckliche Zustimmung nicht gestattet.<\/p><p style=\\\"font-weight: 400;\\\">\u00a0<\/p><p style=\\\"font-weight: 400;\\\">\u00a0<\/p><p><strong>\u00a7 10 Salvatorische Klausel<\/strong><\/p><p style=\\\"font-weight: 400;\\\">\u00a0<\/p><p style=\\\"font-weight: 400;\\\">Der Vertrag bleibt auch bei rechtlicher Unwirksamkeit einzelner Punkte in seinen<\/p><p style=\\\"font-weight: 400;\\\">\u00fcbrigen Teilen verbindlich. Anstelle der unwirksamen Punkte treten, soweit<\/p><p style=\\\"font-weight: 400;\\\">vorhanden, die gesetzlichen Vorschriften. Soweit dies f\u00fcr eine Vertragspartei eine<\/p><p style=\\\"font-weight: 400;\\\">unzumutbare H\u00e4rte darstellen w\u00fcrde, wird der Vertrag jedoch im Ganzen unwirksam.<\/p><p style=\\\"font-weight: 400;\\\">\u00a0<\/p><p style=\\\"font-weight: 400;\\\">\u00a0<\/p><p>\u00a0<\/p><p><strong>II. Kundeninformation<\/strong><\/p><p style=\\\"font-weight: 400;\\\">\u00a0<\/p><p>\u00a0<\/p><p><strong>1. Identit\u00e4t der Verk\u00e4ufer<\/strong><\/p><p style=\\\"font-weight: 400;\\\">\u00a0<\/p><p style=\\\"font-weight: 400;\\\">Cornelius Ewest &amp; Florentin Ewest GbR<\/p><p style=\\\"font-weight: 400;\\\">Remscheider Str. 5<\/p><p style=\\\"font-weight: 400;\\\">40215 D\u00fcsseldorf<\/p><p style=\\\"font-weight: 400;\\\">Deutschland<\/p><p style=\\\"font-weight: 400;\\\">E-Mail: mail@goutez.eu<\/p><p style=\\\"font-weight: 400;\\\">\u00a0<\/p><p style=\\\"font-weight: 400;\\\">\u00a0<\/p><p style=\\\"font-weight: 400;\\\">Alternative Streitbeilegung:<\/p><p style=\\\"font-weight: 400;\\\">Die Europ\u00e4ische Kommission stellt eine Plattform f\u00fcr die au\u00dfergerichtliche Streitbeilegung (OS-Plattform) bereit, aufrufbar unter https:\/\/ec.europa.eu\/odr.<\/p><p style=\\\"font-weight: 400;\\\">\u00a0<\/p><p style=\\\"font-weight: 400;\\\">Wir sind nicht bereit, an einem Streitbeilegungsverfahren vor einer Verbraucherschlichtungsstelle teilzunehmen.<\/p><p style=\\\"font-weight: 400;\\\">\u00a0<\/p><p>\u00a0<\/p><p><strong>2. Informationen zum Vertragsschluss<\/strong><\/p><p style=\\\"font-weight: 400;\\\">\u00a0<\/p><p style=\\\"font-weight: 400;\\\">Die technischen Schritte des Vertragsschlusses, der Vertragsschluss selbst und die Korrekturm\u00f6glichkeiten erfolgen nach Ma\u00dfgabe der Regelungen \u201eZustandekommen des Vertrages\u201c unserer Allgemeinen Gesch\u00e4ftsbedingungen (Teil I.).<\/p><p style=\\\"font-weight: 400;\\\">\u00a0<\/p><p>\u00a0<\/p><p><strong>3. Vertragssprache, Speicherung des Vertragstextes<\/strong><\/p><p style=\\\"font-weight: 400;\\\">\u00a0<\/p><p style=\\\"font-weight: 400;\\\">3.1 Vertragssprache ist Deutsch.<\/p><p style=\\\"font-weight: 400;\\\">\u00a0<\/p><p style=\\\"font-weight: 400;\\\">3.2 Der vollst\u00e4ndige Vertragstext wird bei uns nicht gespeichert. Vor Absenden der Bestellung k\u00f6nnen die Vertragsdaten \u00fcber das Online-Warenkorbsystem ausgedruckt oder \u00fcber die Druckfunktion des Browsers elektronisch gesichert werden. Nach Eingang der Bestellung bei uns werden Ihnen die Bestelldaten, die gesetzlichen Pflichten bei Fernabsatzvertr\u00e4gen und die Allgemeinen Gesch\u00e4ftsbedingungen erneut per E-Mail zugesandt.<\/p><p style=\\\"font-weight: 400;\\\">\u00a0<\/p><p style=\\\"font-weight: 400;\\\">3.3 Bei Angebotsanfragen au\u00dferhalb des Online-Warenkorbsystems werden Ihnen alle Vertragsinformationen im Rahmen eines verbindlichen Angebots in Textform, z. B. per E-Mail, zugesandt, die Sie ausdrucken oder sicher elektronisch speichern k\u00f6nnen.<\/p><p style=\\\"font-weight: 400;\\\">\u00a0<\/p><p>\u00a0<\/p><p><strong>4. Hauptmerkmale des Produkts oder der Dienstleistung<\/strong><\/p><p style=\\\"font-weight: 400;\\\">\u00a0<\/p><p style=\\\"font-weight: 400;\\\">Die wesentlichen Merkmale der Waren und\/oder Dienstleistungen ergeben sich aus dem jeweiligen Angebot.<\/p><p style=\\\"font-weight: 400;\\\">\u00a0<\/p><p>\u00a0<\/p><p><strong>5. Preise und Zahlungsmodalit\u00e4ten<\/strong><\/p><p style=\\\"font-weight: 400;\\\">\u00a0<\/p><p style=\\\"font-weight: 400;\\\">5.1 Die in den jeweiligen Angeboten genannten Preise stellen Gesamtpreise dar, ebenso die Versandkosten. Sie beinhalten alle Preisbestandteile inklusive aller anfallenden Steuern.<\/p><p style=\\\"font-weight: 400;\\\">\u00a0<\/p><p style=\\\"font-weight: 400;\\\">5.2 Die anfallenden Versandkosten sind nicht im Kaufpreis enthalten. Sie k\u00f6nnen durch Anklicken des entsprechenden Buttons auf unserer Website oder im jeweiligen Angebot eingesehen werden, werden im Laufe des Bestellvorgangs gesondert ausgewiesen und sind zus\u00e4tzlich von Ihnen zu tragen, sofern nicht eine versandkostenfreie Lieferung zugesagt ist.<\/p><p style=\\\"font-weight: 400;\\\">\u00a0<\/p><p style=\\\"font-weight: 400;\\\">5.3 Bei Lieferung in L\u00e4nder au\u00dferhalb der Europ\u00e4ischen Union k\u00f6nnen f\u00fcr uns unverh\u00e4ltnism\u00e4\u00dfige Zusatzkosten wie Z\u00f6lle, Steuern oder \u00dcberweisungsgeb\u00fchren (\u00dcberweisungs- oder Devisengeb\u00fchren der Banken) anfallen, die Sie zu tragen haben.<\/p><p style=\\\"font-weight: 400;\\\">\u00a0<\/p><p style=\\\"font-weight: 400;\\\">5.4 Die Kosten einer Geld\u00fcberweisung haben Sie auch dann zu tragen, wenn die Lieferung in einen EU-Mitgliedstaat erfolgt, die Zahlung jedoch au\u00dferhalb der Europ\u00e4ischen Union veranlasst wird.<\/p><p style=\\\"font-weight: 400;\\\">\u00a0<\/p><p style=\\\"font-weight: 400;\\\">5.5 Die Ihnen zur Verf\u00fcgung stehenden Zahlungsarten werden Ihnen durch Anklicken des entsprechenden Buttons auf unserer Website angezeigt bzw. im jeweiligen Angebot offengelegt.<\/p><p style=\\\"font-weight: 400;\\\">\u00a0<\/p><p style=\\\"font-weight: 400;\\\">5.6 Sofern bei den jeweiligen Zahlungsarten nichts Anderes angegeben ist, sind die Zahlungsanspr\u00fcche aus dem abgeschlossenen Vertrag sofort f\u00e4llig.<\/p><p style=\\\"font-weight: 400;\\\">\u00a0<\/p><p>\u00a0<\/p><p><strong>6. Lieferbedingungen<\/strong><\/p><p style=\\\"font-weight: 400;\\\">\u00a0<\/p><p style=\\\"font-weight: 400;\\\">6.1 Die Lieferbedingungen, Liefertermine und ggf. bestehende Lieferbeschr\u00e4nkungen k\u00f6nnen Sie durch Anklicken der entsprechenden Schaltfl\u00e4che auf unserer Website oder im jeweiligen Angebot einsehen.<\/p><p style=\\\"font-weight: 400;\\\">\u00a0<\/p><p style=\\\"font-weight: 400;\\\">6.2 Wenn Sie Verbraucher:IN sind, ist Folgendes gesetzlich geregelt: Die Gefahr, dass die verkaufte Sache beim Versand zuf\u00e4llig zerst\u00f6rt oder verschlechtert wird, geht unabh\u00e4ngig davon, ob der Versand versichert ist oder nicht, erst mit der Auslieferung der Sache auf Sie \u00fcber. Diese Bedingung gilt nicht.<\/p><p style=\\\"font-weight: 400;\\\">\u00a0<\/p><p>\u00a0<\/p><p><strong>7. Gesetzliches Gew\u00e4hrleistungsrecht<\/strong><\/p><p style=\\\"font-weight: 400;\\\">\u00a0<\/p><p style=\\\"font-weight: 400;\\\">Die Haftung f\u00fcr M\u00e4ngel richtet sich nach den Bestimmungen \u201eGew\u00e4hrleistung\u201c in unseren Allgemeinen Gesch\u00e4ftsbedingungen (Teil I).<\/p><p style=\\\"font-weight: 400;\\\">\u00a0<\/p><p style=\\\"font-weight: 400;\\\">\u00a0<\/p><p style=\\\"font-weight: 400;\\\"><strong>letzte Aktualisierung: 23.09.2023<\/strong><\/p><p style=\\\"font-weight: 400;\\\">\u00a0<\/p><p>\u00a0<\/p><p>\u00a0<\/p><p>\u00a0<\/p><p>\u00a0<\/p>\",\r\n      \"align\": \"top\",\r\n      \"row\": 0,\r\n      \"col\": 2,\r\n      \"colspan\": 2,\r\n      \"offsetx\": 0,\r\n      \"offsety\": 0,\r\n      \"spaceabove\": 0,\r\n      \"spacebelow\": 0,\r\n      \"yvel\": 1,\r\n      \"push\": 0,\r\n      \"relid\": 2,\r\n      \"absolute_position\": false\r\n    }\r\n  ]\r\n}","phonegrid":"","_links":{"self":[{"href":"https:\/\/goutez.eu\/en\/wp-json\/wp\/v2\/pages\/583","targetHints":{"allow":["GET"]}}],"collection":[{"href":"https:\/\/goutez.eu\/en\/wp-json\/wp\/v2\/pages"}],"about":[{"href":"https:\/\/goutez.eu\/en\/wp-json\/wp\/v2\/types\/page"}],"author":[{"embeddable":true,"href":"https:\/\/goutez.eu\/en\/wp-json\/wp\/v2\/users\/1"}],"replies":[{"embeddable":true,"href":"https:\/\/goutez.eu\/en\/wp-json\/wp\/v2\/comments?post=583"}],"version-history":[{"count":0,"href":"https:\/\/goutez.eu\/en\/wp-json\/wp\/v2\/pages\/583\/revisions"}],"wp:attachment":[{"href":"https:\/\/goutez.eu\/en\/wp-json\/wp\/v2\/media?parent=583"}],"curies":[{"name":"wp","href":"https:\/\/api.w.org\/{rel}","templated":true}]}}