{"id":866,"date":"2023-10-07T12:20:36","date_gmt":"2023-10-07T12:20:36","guid":{"rendered":"https:\/\/goutez.eu\/produktion-copy\/"},"modified":"2023-10-09T16:30:16","modified_gmt":"2023-10-09T16:30:16","slug":"produktion-copy","status":"publish","type":"page","link":"https:\/\/goutez.eu\/en\/produktion-copy\/","title":{"rendered":"Projects"},"content":{"rendered":"","protected":false},"excerpt":{"rendered":"","protected":false},"author":3,"featured_media":0,"parent":0,"menu_order":7,"comment_status":"closed","ping_status":"closed","template":"","meta":{"_acf_changed":false},"class_list":["post-866","page","type-page","status-publish","hentry"],"acf":[],"grid":"{\r\n  \"colCount\": 4,\r\n  \"colGutter\": 10,\r\n  \"rowGutters\": [\r\n    40\r\n  ],\r\n  \"frameMargin\": 5,\r\n  \"leftFrameMargin\": 10,\r\n  \"rightFrameMargin\": 20,\r\n  \"topFrameMargin\": 75,\r\n  \"mus\": {\r\n    \"colGutterMu\": \"px\",\r\n    \"rowGutterMu\": \"px\",\r\n    \"topFrameMu\": \"px\",\r\n    \"bottomFrameMu\": \"px\",\r\n    \"frameMu\": \"px\"\r\n  },\r\n  \"bottomFrameMargin\": 60,\r\n  \"rowAttrs\": [\r\n    {\r\n      \"relid\": 1\r\n    },\r\n    {\r\n      \"relid\": 3\r\n    }\r\n  ],\r\n  \"bgColor\": null,\r\n  \"bgImage\": null,\r\n  \"cont\": [\r\n    {\r\n      \"type\": \"text\",\r\n      \"cont\": \"<p class=\\\"_Big\\\"><b>Goutez ist aus der Idee entstanden, soziales Miteinander und faires Wirtschaften zu vereinen.<\/b><\/p><p class=\\\"_Big\\\"><b>Aufgewachsen innerhalb einer sozialtherapeuthischen Einrichtung waren wir schon fr\u00fch mit dem Begriff der Humanit\u00e4t befasst \u2013 und was es hei\u00dft, offen, tolerant und idealistisch zu denken. Goutez soll unser Versuch sein, diese Werte weiterzutragen.<\/b><\/p>\",\r\n      \"align\": \"top\",\r\n      \"row\": 0,\r\n      \"col\": 0,\r\n      \"colspan\": 4,\r\n      \"offsetx\": 0,\r\n      \"offsety\": 0,\r\n      \"spaceabove\": 0,\r\n      \"spacebelow\": 0,\r\n      \"yvel\": 1,\r\n      \"push\": 0,\r\n      \"relid\": 2,\r\n      \"absolute_position\": false,\r\n      \"frameOverflow\": \"\",\r\n      \"html_id\": \"abouttext\"\r\n    },\r\n    {\r\n      \"type\": \"text\",\r\n      \"cont\": \"<p>Housing First e.V.<\/p>\",\r\n      \"align\": \"top\",\r\n      \"row\": 1,\r\n      \"col\": 0,\r\n      \"colspan\": 1,\r\n      \"offsetx\": 0,\r\n      \"offsety\": 0,\r\n      \"spaceabove\": 0,\r\n      \"spacebelow\": 0,\r\n      \"yvel\": 1,\r\n      \"push\": 0,\r\n      \"relid\": 4,\r\n      \"absolute_position\": false,\r\n      \"stickytop\": \"40\",\r\n      \"classes\": \"aboutheadline\"\r\n    },\r\n    {\r\n      \"type\": \"elementgrid\",\r\n      \"cont\": \"\",\r\n      \"align\": \"top\",\r\n      \"row\": 1,\r\n      \"col\": 1,\r\n      \"colspan\": 3,\r\n      \"offsetx\": 0,\r\n      \"offsety\": 0,\r\n      \"spaceabove\": 0,\r\n      \"spacebelow\": 0,\r\n      \"yvel\": 1,\r\n      \"push\": 0,\r\n      \"relid\": 16,\r\n      \"config\": {\r\n        \"desktop\": {\r\n          \"colCount\": 2,\r\n          \"colGutter\": 10,\r\n          \"rowGutter\": 10,\r\n          \"colGutterMu\": \"px\",\r\n          \"rowGutterMu\": \"px\"\r\n        },\r\n        \"tablet\": {\r\n          \"colCount\": 2,\r\n          \"colGutter\": 1,\r\n          \"rowGutter\": 1,\r\n          \"colGutterMu\": \"%\",\r\n          \"rowGutterMu\": \"%\"\r\n        },\r\n        \"phone\": {\r\n          \"colCount\": 1,\r\n          \"colGutter\": 1,\r\n          \"rowGutter\": 1,\r\n          \"colGutterMu\": \"%\",\r\n          \"rowGutterMu\": \"%\"\r\n        },\r\n        \"layoutType\": \"top-aligned\",\r\n        \"elements\": [\r\n          {\r\n            \"cont\": \"<p>Neben transparenten und fairen Arbeitsbedingungen hat Goutez das Ziel einen Drittel des Erl\u00f6ses an wechselnde, sozial orientierte Organisationen zu spenden. Auf diese Weise k\u00f6nnen wir aktiv wirken und das Projekt und unser Wirtschaften bekommen Tiefe und einen sozialen Charakter.<span class=\\\"Apple-converted-space\\\">\u00a0<\/span><\/p><p>Mit dem ersten Projekt unterst\u00fctzt Goutez wohnungslose Menschen in unserer unmittelbaren Umgebung.<span class=\\\"Apple-converted-space\\\">\u00a0<\/span><\/p><p>Der Verein Housing First e.V. leistet unter anderem in D\u00fcsseldorf und K\u00f6ln einen wichtigen Beitrag, wohnungslosen Menschen eine dauerhafte Bleibe zu vermitteln und ein menschenw\u00fcrdiges Leben zu erm\u00f6glichen. Neben der Vermittlung von Wohnungen, hilft der Verein bei allen b\u00fcrokratischen und lebenspraktischen H\u00fcrden, die rund um das Thema Wohnen bew\u00e4ltigt werden m\u00fcssen.<\/p><p>\u00a0<\/p><p>Weitere Informationen und Unterst\u00fctzung finden Sie direkt unter: <a href=\\\"https:\/\/www.housingfirstduesseldorf.de\\\">\/\/www.housingfirstduesseldorf.de\/<\/a>.<\/p><p>\u00a0<\/p><p>Wir werden den an ausgew\u00e4hlte Wohlt\u00e4tigkeitsorganisationen gespendeten Betrag am Ende eines jeden Gesch\u00e4ftsjahres ver\u00f6ffentlichen.<\/p><p>\u00a0<\/p><p>\u00a0<\/p><p>\u00a0<\/p><p>\u00a0<\/p><p>\u00a0<\/p>\",\r\n            \"type\": \"text\"\r\n          }\r\n        ],\r\n        \"addtostart\": false\r\n      },\r\n      \"absolute_position\": false\r\n    }\r\n  ]\r\n}","phonegrid":"","_links":{"self":[{"href":"https:\/\/goutez.eu\/en\/wp-json\/wp\/v2\/pages\/866","targetHints":{"allow":["GET"]}}],"collection":[{"href":"https:\/\/goutez.eu\/en\/wp-json\/wp\/v2\/pages"}],"about":[{"href":"https:\/\/goutez.eu\/en\/wp-json\/wp\/v2\/types\/page"}],"author":[{"embeddable":true,"href":"https:\/\/goutez.eu\/en\/wp-json\/wp\/v2\/users\/3"}],"replies":[{"embeddable":true,"href":"https:\/\/goutez.eu\/en\/wp-json\/wp\/v2\/comments?post=866"}],"version-history":[{"count":0,"href":"https:\/\/goutez.eu\/en\/wp-json\/wp\/v2\/pages\/866\/revisions"}],"wp:attachment":[{"href":"https:\/\/goutez.eu\/en\/wp-json\/wp\/v2\/media?parent=866"}],"curies":[{"name":"wp","href":"https:\/\/api.w.org\/{rel}","templated":true}]}}